{"id":2257,"date":"2025-09-10T03:32:26","date_gmt":"2025-09-10T02:32:26","guid":{"rendered":"https:\/\/africavirtualnumbers.com\/?page_id=2257"},"modified":"2025-09-10T03:34:18","modified_gmt":"2025-09-10T02:34:18","slug":"cookie-statement","status":"publish","type":"page","link":"https:\/\/africavirtualnumbers.com\/fr\/cookie-statement\/","title":{"rendered":"D\u00e9claration relative aux cookies"},"content":{"rendered":"<h1 class=\"wp-block-heading\">D\u00e9claration relative aux cookies<\/h1>\n\n\n\n<p>La pr\u00e9sente d\u00e9claration relative aux cookies explique comment nous utilisons les cookies et les technologies similaires dans le cadre de nos activit\u00e9s, notamment par le biais de nos sites web qui renvoient \u00e0 cette d\u00e9claration relative aux cookies, tels que\u00a0:\u00a0<a href=\"https:\/\/africavirtualnumbers.com\/fr\/\">https:\/\/africavirtualnumbers.com\/<\/a>, ou tout site web ou application que nous poss\u00e9dons, exploitons ou contr\u00f4lons (collectivement, les \u201c\u00a0Sites web\u00a0\u201d). Ce document explique ce que sont ces technologies et pourquoi nous les utilisons, ainsi que vos droits concernant leur utilisation. La pr\u00e9sente D\u00e9claration relative aux cookies fait partie int\u00e9grante de nos Conditions d\u2019utilisation et y est automatiquement int\u00e9gr\u00e9e. Les termes en majuscules utilis\u00e9s dans la pr\u00e9sente D\u00e9claration relative aux cookies et non d\u00e9finis par ailleurs ont la signification qui leur est attribu\u00e9e dans notre Politique de confidentialit\u00e9.<\/p>\n\n\n\n<p>Dans certains cas, nous pouvons utiliser des cookies et d&#039;autres technologies de suivi d\u00e9crites dans la pr\u00e9sente D\u00e9claration relative aux cookies pour collecter des donn\u00e9es personnelles, ou des informations qui deviennent des donn\u00e9es personnelles si nous les combinons avec d&#039;autres informations. Pour plus d&#039;informations sur la mani\u00e8re dont nous traitons vos donn\u00e9es personnelles, veuillez consulter notre Politique de confidentialit\u00e9.<\/p>\n\n\n\n<h3 class=\"wp-block-heading\">D\u00e9finition<\/h3>\n\n\n\n<p>Les cookies sont de petits fichiers de donn\u00e9es plac\u00e9s sur votre ordinateur ou appareil mobile lorsque vous consultez un site web. Ils sont largement utilis\u00e9s par les fournisseurs de services en ligne, notamment pour assurer le bon fonctionnement de leurs sites web ou services, ou pour les rendre plus performants, ainsi que pour fournir des informations statistiques.<\/p>\n\n\n\n<p>Les cookies d\u00e9pos\u00e9s par le propri\u00e9taire du site web ou le fournisseur de services sont appel\u00e9s \u201c\u00a0cookies internes\u00a0\u201d. Les cookies d\u00e9pos\u00e9s par des tiers sont appel\u00e9s \u201c\u00a0cookies tiers\u00a0\u201d. Ces derniers permettent d\u2019int\u00e9grer des fonctionnalit\u00e9s tierces au site web ou au service que vous utilisez (comme la publicit\u00e9, les contenus interactifs et les outils d\u2019analyse). Les tiers qui d\u00e9posent ces cookies peuvent reconna\u00eetre votre ordinateur lorsque vous consultez le site web ou le service en question, mais aussi lorsque vous consultez d\u2019autres sites web ou services.<\/p>\n\n\n\n<h3 class=\"wp-block-heading\">Pourquoi utilisons-nous des cookies et d&#039;autres technologies de suivi\u00a0?<\/h3>\n\n\n\n<p>Nous utilisons des cookies internes et tiers pour plusieurs raisons. Certains cookies sont indispensables au fonctionnement technique de nos sites web et services\u00a0; nous les appelons \u201c\u00a0cookies essentiels\u00a0\u201d ou \u201c\u00a0cookies strictement n\u00e9cessaires\u00a0\u201d. D\u2019autres cookies nous permettent, ainsi qu\u2019\u00e0 nos partenaires, de suivre et de cibler les centres d\u2019int\u00e9r\u00eat des visiteurs de nos sites web\u00a0; nous les appelons \u201c\u00a0cookies de performance\u00a0\u201d ou \u201c\u00a0cookies de fonctionnalit\u00e9\u00a0\u201d. Par exemple, nous utilisons des cookies pour adapter le contenu et les informations que nous vous envoyons ou affichons, personnaliser votre exp\u00e9rience lors de vos interactions avec nos sites web et am\u00e9liorer les fonctionnalit\u00e9s des services que nous proposons. Nous permettons \u00e9galement \u00e0 nos utilisateurs d\u2019utiliser des cookies et des technologies de suivi similaires dans le cadre de leur utilisation de nos services, afin de nous permettre, ainsi qu\u2019\u00e0 nos utilisateurs, de suivre leurs abonn\u00e9s. Enfin, des tiers d\u00e9posent des cookies via nos sites web et services \u00e0 des fins publicitaires, analytiques et autres.<\/p>\n\n\n\n<h3 class=\"wp-block-heading\">Cookies utilis\u00e9s sur nos sites Web<\/h3>\n\n\n\n<p>Les types sp\u00e9cifiques de cookies internes et tiers utilis\u00e9s sur nos sites Web et leurs finalit\u00e9s sont d\u00e9crits plus en d\u00e9tail ci-dessous\u00a0:<\/p>\n\n\n\n<h4 class=\"wp-block-heading\">Cookies essentiels du site Web<\/h4>\n\n\n\n<p>Ces cookies sont strictement n\u00e9cessaires pour vous fournir les services disponibles sur nos sites web et pour utiliser certaines de leurs fonctionnalit\u00e9s, comme l&#039;acc\u00e8s aux zones s\u00e9curis\u00e9es. \u00c9tant donn\u00e9 que ces cookies sont indispensables au fonctionnement des sites web, vous ne pouvez pas les refuser sans en perturber le fonctionnement. Vous pouvez les bloquer ou les supprimer en modifiant les param\u00e8tres de votre navigateur, comme indiqu\u00e9 dans notre Politique relative aux cookies.<\/p>\n\n\n\n<h4 class=\"wp-block-heading\">Cookies de performance et de fonctionnalit\u00e9<\/h4>\n\n\n\n<p>Ces cookies servent \u00e0 am\u00e9liorer les performances et les fonctionnalit\u00e9s de nos sites web, mais ne sont pas indispensables \u00e0 leur utilisation. Toutefois, sans ces cookies, certaines fonctionnalit\u00e9s pourraient \u00eatre indisponibles.<\/p>\n\n\n\n<h4 class=\"wp-block-heading\">Cookies d&#039;analyse et de personnalisation<\/h4>\n\n\n\n<p>Ces cookies collectent des informations utilis\u00e9es soit sous forme agr\u00e9g\u00e9e pour nous aider \u00e0 comprendre comment nos sites web sont utilis\u00e9s ou l&#039;efficacit\u00e9 de nos campagnes marketing, soit pour nous aider \u00e0 personnaliser nos sites web et notre application afin d&#039;am\u00e9liorer votre exp\u00e9rience.<\/p>\n\n\n\n<h4 class=\"wp-block-heading\">Cookies publicitaires (de ciblage)<\/h4>\n\n\n\n<p>Ces cookies servent \u00e0 rendre les messages publicitaires plus pertinents pour vous et vos centres d&#039;int\u00e9r\u00eat. Ils permettent \u00e9galement d&#039;\u00e9viter la rediffusion incessante d&#039;une m\u00eame publicit\u00e9, d&#039;assurer un affichage correct des publicit\u00e9s et, dans certains cas, de s\u00e9lectionner des publicit\u00e9s en fonction de vos centres d&#039;int\u00e9r\u00eat. Pour plus d&#039;informations, veuillez consulter la section \u201c\u00a0Publicit\u00e9 cibl\u00e9e en ligne\u00a0\u201d de notre D\u00e9claration relative aux cookies.\u201d<\/p>\n\n\n\n<h3 class=\"wp-block-heading\">Autres technologies de suivi<\/h3>\n\n\n\n<p>Nous et nos partenaires tiers pouvons utiliser ponctuellement d&#039;autres technologies similaires, telles que les balises Web, les pixels (ou \u201c GIF invisibles \u201d) et autres technologies de suivi. Il s&#039;agit de petits fichiers graphiques contenant un identifiant unique qui nous permet de savoir lorsqu&#039;une personne a visit\u00e9 nos sites Web ou, dans le cas des balises Web, a ouvert un e-mail que nous lui avons envoy\u00e9. Cela nous permet, par exemple, de suivre le parcours des utilisateurs d&#039;une page \u00e0 l&#039;autre de nos sites Web, de g\u00e9rer les cookies, de d\u00e9terminer si vous avez acc\u00e9d\u00e9 \u00e0 nos sites Web via une publicit\u00e9 en ligne affich\u00e9e sur un site Web tiers, de vous proposer des publicit\u00e9s cibl\u00e9es ainsi qu&#039;\u00e0 d&#039;autres utilisateurs ayant un profil similaire, d&#039;am\u00e9liorer les performances du site et de mesurer l&#039;efficacit\u00e9 des campagnes marketing. Bien que vous ne puissiez pas n\u00e9cessairement refuser ou d\u00e9sactiver sp\u00e9cifiquement ces technologies de suivi, celles-ci d\u00e9pendent souvent des cookies pour fonctionner correctement\u00a0; par cons\u00e9quent, dans ces cas, le refus des cookies perturbera le fonctionnement de ces technologies.<\/p>\n\n\n\n<h3 class=\"wp-block-heading\">Publicit\u00e9 cibl\u00e9e en ligne<\/h3>\n\n\n\n<p>Nous avons fait appel \u00e0 un ou plusieurs prestataires de services tiers pour suivre et analyser les informations statistiques individuelles d&#039;utilisation et de volume issues des interactions avec nos sites Web.<\/p>\n\n\n\n<p>Ces tiers utilisent des cookies, des balises Web, des pixels invisibles et des technologies de suivi similaires pour collecter et utiliser certaines informations concernant vos activit\u00e9s en ligne, que ce soit sur nos sites Web et\/ou d&#039;autres sites ou applications mobiles, afin de d\u00e9duire vos centres d&#039;int\u00e9r\u00eat et de vous proposer des publicit\u00e9s cibl\u00e9es, mieux adapt\u00e9es \u00e0 vos activit\u00e9s de navigation et \u00e0 vos centres d&#039;int\u00e9r\u00eat d\u00e9duits.<\/p>\n\n\n\n<p>Nos prestataires de services tiers peuvent \u00e9galement utiliser des cookies ou des pixels invisibles pour recueillir des informations sur vos visites sur nos sites Web et\/ou d&#039;autres sites afin de mesurer et de suivre l&#039;efficacit\u00e9 de nos publicit\u00e9s et de nos activit\u00e9s de marketing en ligne. Les informations recueillies par ces tiers ne comprennent aucune donn\u00e9e personnelle permettant de vous identifier pr\u00e9cis\u00e9ment (par exemple, votre nom ou votre adresse \u00e9lectronique).<\/p>\n\n\n\n<h3 class=\"wp-block-heading\">Comment contr\u00f4ler les cookies<\/h3>\n\n\n\n<p>Vous avez le droit de d\u00e9cider d&#039;accepter ou de refuser les cookies.<\/p>\n\n\n\n<p>Vous pouvez configurer votre navigateur pour accepter ou refuser les cookies. Si vous choisissez de les refuser, vous pourrez toujours utiliser nos sites web, mais l&#039;acc\u00e8s \u00e0 certaines fonctionnalit\u00e9s et zones pourrait \u00eatre limit\u00e9. La proc\u00e9dure pour refuser les cookies variant d&#039;un navigateur \u00e0 l&#039;autre, veuillez consulter l&#039;aide de votre navigateur pour plus d&#039;informations.<\/p>\n\n\n\n<h3 class=\"wp-block-heading\">\u00c0 quelle fr\u00e9quence cette d\u00e9claration relative aux cookies sera-t-elle mise \u00e0 jour\u00a0?<\/h3>\n\n\n\n<p>Nous pouvons \u00eatre amen\u00e9s \u00e0 modifier la pr\u00e9sente D\u00e9claration relative aux cookies afin de refl\u00e9ter, par exemple, les changements apport\u00e9s aux cookies que nous utilisons ou pour d&#039;autres raisons op\u00e9rationnelles, juridiques ou r\u00e9glementaires. Veuillez donc consulter r\u00e9guli\u00e8rement cette D\u00e9claration relative aux cookies pour rester inform\u00e9(e) de notre utilisation des cookies et des technologies similaires.<\/p>\n\n\n\n<p>La date figurant au bas de cette d\u00e9claration relative aux cookies indique sa derni\u00e8re mise \u00e0 jour.<\/p>","protected":false},"excerpt":{"rendered":"<p>D\u00e9claration relative aux cookies La pr\u00e9sente d\u00e9claration relative aux cookies explique comment nous utilisons les cookies et les technologies similaires dans le cadre de nos activit\u00e9s, notamment via nos sites web qui renvoient \u00e0 cette d\u00e9claration, tels que https:\/\/africavirtualnumbers.com\/, ou tout site web ou application que nous poss\u00e9dons, exploitons ou contr\u00f4lons (collectivement, les \u201c\u00a0Sites web\u00a0\u201d ou les \u201c\u00a0Sites web\u00a0\u201d). Elle explique ce que sont ces technologies et pourquoi nous [\u2026]<\/p>","protected":false},"author":1,"featured_media":0,"parent":0,"menu_order":0,"comment_status":"closed","ping_status":"closed","template":"","meta":{"zakra_sidebar_layout":"customizer","zakra_remove_content_margin":false,"zakra_sidebar":"customizer","zakra_transparent_header":"customizer","zakra_logo":0,"zakra_main_header_style":"default","zakra_menu_item_color":"","zakra_menu_item_hover_color":"","zakra_menu_item_active_color":"","zakra_menu_active_style":"","zakra_page_header":true,"footnotes":""},"class_list":["post-2257","page","type-page","status-publish","hentry"],"yoast_head":"<!-- This site is optimized with the Yoast SEO plugin v26.3 - https:\/\/yoast.com\/wordpress\/plugins\/seo\/ -->\n<title>Cookie Statement - AfricaVirtualNumbers.com<\/title>\n<meta name=\"description\" content=\"Cookie Statement\" \/>\n<meta name=\"robots\" content=\"noindex, follow\" \/>\n<meta property=\"og:locale\" content=\"fr_FR\" \/>\n<meta property=\"og:type\" content=\"article\" \/>\n<meta property=\"og:title\" content=\"Cookie Statement - AfricaVirtualNumbers.com\" \/>\n<meta property=\"og:description\" content=\"Cookie Statement\" \/>\n<meta property=\"og:url\" content=\"https:\/\/africavirtualnumbers.com\/fr\/cookie-statement\/\" \/>\n<meta property=\"og:site_name\" content=\"AfricaVirtualNumbers.com\" \/>\n<meta property=\"article:modified_time\" content=\"2025-09-10T02:34:18+00:00\" \/>\n<meta name=\"twitter:card\" content=\"summary_large_image\" \/>\n<meta name=\"twitter:label1\" content=\"Dur\u00e9e de lecture estim\u00e9e\" \/>\n\t<meta name=\"twitter:data1\" content=\"6 minutes\" \/>\n<script type=\"application\/ld+json\" class=\"yoast-schema-graph\">{\"@context\":\"https:\/\/schema.org\",\"@graph\":[{\"@type\":\"WebPage\",\"@id\":\"https:\/\/africavirtualnumbers.com\/cookie-statement\/\",\"url\":\"https:\/\/africavirtualnumbers.com\/cookie-statement\/\",\"name\":\"Cookie Statement - AfricaVirtualNumbers.com\",\"isPartOf\":{\"@id\":\"https:\/\/africavirtualnumbers.com\/#website\"},\"datePublished\":\"2025-09-10T02:32:26+00:00\",\"dateModified\":\"2025-09-10T02:34:18+00:00\",\"description\":\"Cookie Statement\",\"breadcrumb\":{\"@id\":\"https:\/\/africavirtualnumbers.com\/cookie-statement\/#breadcrumb\"},\"inLanguage\":\"fr-FR\",\"potentialAction\":[{\"@type\":\"ReadAction\",\"target\":[\"https:\/\/africavirtualnumbers.com\/cookie-statement\/\"]}]},{\"@type\":\"BreadcrumbList\",\"@id\":\"https:\/\/africavirtualnumbers.com\/cookie-statement\/#breadcrumb\",\"itemListElement\":[{\"@type\":\"ListItem\",\"position\":1,\"name\":\"Home\",\"item\":\"https:\/\/africavirtualnumbers.com\/\"},{\"@type\":\"ListItem\",\"position\":2,\"name\":\"Cookie Statement\"}]},{\"@type\":\"WebSite\",\"@id\":\"https:\/\/africavirtualnumbers.com\/#website\",\"url\":\"https:\/\/africavirtualnumbers.com\/\",\"name\":\"AfricaVirtualNumbers.com\",\"description\":\"\",\"publisher\":{\"@id\":\"https:\/\/africavirtualnumbers.com\/#organization\"},\"potentialAction\":[{\"@type\":\"SearchAction\",\"target\":{\"@type\":\"EntryPoint\",\"urlTemplate\":\"https:\/\/africavirtualnumbers.com\/?s={search_term_string}\"},\"query-input\":{\"@type\":\"PropertyValueSpecification\",\"valueRequired\":true,\"valueName\":\"search_term_string\"}}],\"inLanguage\":\"fr-FR\"},{\"@type\":\"Organization\",\"@id\":\"https:\/\/africavirtualnumbers.com\/#organization\",\"name\":\"AfricaVirtualNumbers.com\",\"url\":\"https:\/\/africavirtualnumbers.com\/\",\"logo\":{\"@type\":\"ImageObject\",\"inLanguage\":\"fr-FR\",\"@id\":\"https:\/\/africavirtualnumbers.com\/#\/schema\/logo\/image\/\",\"url\":\"https:\/\/africavirtualnumbers.com\/wp-content\/uploads\/2025\/08\/africavirtualnumbers-logo.png\",\"contentUrl\":\"https:\/\/africavirtualnumbers.com\/wp-content\/uploads\/2025\/08\/africavirtualnumbers-logo.png\",\"width\":483,\"height\":100,\"caption\":\"AfricaVirtualNumbers.com\"},\"image\":{\"@id\":\"https:\/\/africavirtualnumbers.com\/#\/schema\/logo\/image\/\"}}]}<\/script>\n<!-- \/ Yoast SEO plugin. -->","yoast_head_json":{"title":"D\u00e9claration relative aux cookies - AfricaVirtualNumbers.com","description":"D\u00e9claration relative aux cookies","robots":{"index":"noindex","follow":"follow"},"og_locale":"fr_FR","og_type":"article","og_title":"Cookie Statement - AfricaVirtualNumbers.com","og_description":"Cookie Statement","og_url":"https:\/\/africavirtualnumbers.com\/fr\/cookie-statement\/","og_site_name":"AfricaVirtualNumbers.com","article_modified_time":"2025-09-10T02:34:18+00:00","twitter_card":"summary_large_image","twitter_misc":{"Dur\u00e9e de lecture estim\u00e9e":"6 minutes"},"schema":{"@context":"https:\/\/schema.org","@graph":[{"@type":"WebPage","@id":"https:\/\/africavirtualnumbers.com\/cookie-statement\/","url":"https:\/\/africavirtualnumbers.com\/cookie-statement\/","name":"D\u00e9claration relative aux cookies - AfricaVirtualNumbers.com","isPartOf":{"@id":"https:\/\/africavirtualnumbers.com\/#website"},"datePublished":"2025-09-10T02:32:26+00:00","dateModified":"2025-09-10T02:34:18+00:00","description":"D\u00e9claration relative aux cookies","breadcrumb":{"@id":"https:\/\/africavirtualnumbers.com\/cookie-statement\/#breadcrumb"},"inLanguage":"fr-FR","potentialAction":[{"@type":"ReadAction","target":["https:\/\/africavirtualnumbers.com\/cookie-statement\/"]}]},{"@type":"BreadcrumbList","@id":"https:\/\/africavirtualnumbers.com\/cookie-statement\/#breadcrumb","itemListElement":[{"@type":"ListItem","position":1,"name":"Home","item":"https:\/\/africavirtualnumbers.com\/"},{"@type":"ListItem","position":2,"name":"Cookie Statement"}]},{"@type":"WebSite","@id":"https:\/\/africavirtualnumbers.com\/#website","url":"https:\/\/africavirtualnumbers.com\/","name":"AfricaVirtualNumbers.com","description":"","publisher":{"@id":"https:\/\/africavirtualnumbers.com\/#organization"},"potentialAction":[{"@type":"SearchAction","target":{"@type":"EntryPoint","urlTemplate":"https:\/\/africavirtualnumbers.com\/?s={search_term_string}"},"query-input":{"@type":"PropertyValueSpecification","valueRequired":true,"valueName":"search_term_string"}}],"inLanguage":"fr-FR"},{"@type":"Organization","@id":"https:\/\/africavirtualnumbers.com\/#organization","name":"AfricaVirtualNumbers.com","url":"https:\/\/africavirtualnumbers.com\/","logo":{"@type":"ImageObject","inLanguage":"fr-FR","@id":"https:\/\/africavirtualnumbers.com\/#\/schema\/logo\/image\/","url":"https:\/\/africavirtualnumbers.com\/wp-content\/uploads\/2025\/08\/africavirtualnumbers-logo.png","contentUrl":"https:\/\/africavirtualnumbers.com\/wp-content\/uploads\/2025\/08\/africavirtualnumbers-logo.png","width":483,"height":100,"caption":"AfricaVirtualNumbers.com"},"image":{"@id":"https:\/\/africavirtualnumbers.com\/#\/schema\/logo\/image\/"}}]}},"_links":{"self":[{"href":"https:\/\/africavirtualnumbers.com\/fr\/wp-json\/wp\/v2\/pages\/2257","targetHints":{"allow":["GET"]}}],"collection":[{"href":"https:\/\/africavirtualnumbers.com\/fr\/wp-json\/wp\/v2\/pages"}],"about":[{"href":"https:\/\/africavirtualnumbers.com\/fr\/wp-json\/wp\/v2\/types\/page"}],"author":[{"embeddable":true,"href":"https:\/\/africavirtualnumbers.com\/fr\/wp-json\/wp\/v2\/users\/1"}],"replies":[{"embeddable":true,"href":"https:\/\/africavirtualnumbers.com\/fr\/wp-json\/wp\/v2\/comments?post=2257"}],"version-history":[{"count":1,"href":"https:\/\/africavirtualnumbers.com\/fr\/wp-json\/wp\/v2\/pages\/2257\/revisions"}],"predecessor-version":[{"id":2258,"href":"https:\/\/africavirtualnumbers.com\/fr\/wp-json\/wp\/v2\/pages\/2257\/revisions\/2258"}],"wp:attachment":[{"href":"https:\/\/africavirtualnumbers.com\/fr\/wp-json\/wp\/v2\/media?parent=2257"}],"curies":[{"name":"wp","href":"https:\/\/api.w.org\/{rel}","templated":true}]}}