{"id":29,"date":"2021-02-10T06:35:53","date_gmt":"2021-02-10T06:35:53","guid":{"rendered":"https:\/\/zakra-job-portal.sites.qsandbox.com\/?page_id=29"},"modified":"2025-09-10T03:22:42","modified_gmt":"2025-09-10T02:22:42","slug":"about","status":"publish","type":"page","link":"https:\/\/africavirtualnumbers.com\/fr\/about\/","title":{"rendered":"\u00c0 propos"},"content":{"rendered":"<div data-elementor-type=\"wp-page\" data-elementor-id=\"29\" class=\"elementor elementor-29\">\n\t\t\t\t\t\t<section class=\"elementor-section elementor-top-section elementor-element elementor-element-e64387c elementor-reverse-mobile elementor-reverse-tablet elementor-section-content-middle elementor-section-boxed elementor-section-height-default elementor-section-height-default\" data-id=\"e64387c\" data-element_type=\"section\">\n\t\t\t\t\t\t<div class=\"elementor-container elementor-column-gap-default\">\n\t\t\t\t\t<div class=\"elementor-column elementor-col-50 elementor-top-column elementor-element elementor-element-73cf77b\" data-id=\"73cf77b\" data-element_type=\"column\" data-settings=\"{&quot;background_background&quot;:&quot;classic&quot;}\">\n\t\t\t<div class=\"elementor-widget-wrap elementor-element-populated\">\n\t\t\t\t\t\t<section class=\"elementor-section elementor-inner-section elementor-element elementor-element-a5b0e08 elementor-section-boxed elementor-section-height-default elementor-section-height-default\" data-id=\"a5b0e08\" data-element_type=\"section\">\n\t\t\t\t\t\t<div class=\"elementor-container elementor-column-gap-default\">\n\t\t\t\t\t<div class=\"elementor-column elementor-col-50 elementor-inner-column elementor-element elementor-element-dcbcdc8\" data-id=\"dcbcdc8\" data-element_type=\"column\" data-settings=\"{&quot;background_background&quot;:&quot;classic&quot;}\">\n\t\t\t<div class=\"elementor-widget-wrap elementor-element-populated\">\n\t\t\t\t\t\t<div class=\"elementor-element elementor-element-fc71b10 elementor-widget elementor-widget-text-editor\" data-id=\"fc71b10\" data-element_type=\"widget\" data-widget_type=\"text-editor.default\">\n\t\t\t\t<div class=\"elementor-widget-container\">\n\t\t\t\t\t\t\t\t\t<p>\u00c0 propos de nous<\/p>\t\t\t\t\t\t\t\t<\/div>\n\t\t\t\t<\/div>\n\t\t\t\t\t<\/div>\n\t\t<\/div>\n\t\t\t\t<div class=\"elementor-column elementor-col-50 elementor-inner-column elementor-element elementor-element-59da00f\" data-id=\"59da00f\" data-element_type=\"column\" data-settings=\"{&quot;background_background&quot;:&quot;classic&quot;}\">\n\t\t\t<div class=\"elementor-widget-wrap\">\n\t\t\t\t\t\t\t<\/div>\n\t\t<\/div>\n\t\t\t\t\t<\/div>\n\t\t<\/section>\n\t\t\t\t<div class=\"elementor-element elementor-element-dfbd264 elementor-widget__width-initial elementor-widget elementor-widget-heading\" data-id=\"dfbd264\" data-element_type=\"widget\" data-widget_type=\"heading.default\">\n\t\t\t\t<div class=\"elementor-widget-container\">\n\t\t\t\t\t<h1 class=\"elementor-heading-title elementor-size-default\">Connecter l&#039;Afrique au monde gr\u00e2ce \u00e0 des num\u00e9ros virtuels fiables<\/h1>\t\t\t\t<\/div>\n\t\t\t\t<\/div>\n\t\t\t\t<div class=\"elementor-element elementor-element-44c3a22 elementor-widget elementor-widget-text-editor\" data-id=\"44c3a22\" data-element_type=\"widget\" data-widget_type=\"text-editor.default\">\n\t\t\t\t<div class=\"elementor-widget-container\">\n\t\t\t\t\t\t\t\t\t<p data-start=\"2100\" data-end=\"2360\">Notre objectif est de connecter l&#039;Afrique au reste du monde gr\u00e2ce \u00e0 une communication virtuelle fluide. En proposant des num\u00e9ros virtuels fiables, respectueux de la vie priv\u00e9e et accessibles dans le monde entier, nous permettons aux entreprises, aux ind\u00e9pendants et aux particuliers de rester connect\u00e9s \u00e0 tout moment et en tout lieu.<\/p><p data-start=\"2362\" data-end=\"2475\"><strong data-start=\"2362\" data-end=\"2473\">Rejoignez les milliers d&#039;utilisateurs du monde entier qui font confiance \u00e0 AfricaVirtualNumbers.com pour leurs besoins en communication virtuelle.<\/strong><\/p>\t\t\t\t\t\t\t\t<\/div>\n\t\t\t\t<\/div>\n\t\t\t\t\t<\/div>\n\t\t<\/div>\n\t\t\t\t<div class=\"elementor-column elementor-col-50 elementor-top-column elementor-element elementor-element-96bdcfc\" data-id=\"96bdcfc\" data-element_type=\"column\">\n\t\t\t<div class=\"elementor-widget-wrap elementor-element-populated\">\n\t\t\t\t\t\t<div class=\"elementor-element elementor-element-1125520 elementor-widget elementor-widget-image\" data-id=\"1125520\" data-element_type=\"widget\" data-widget_type=\"image.default\">\n\t\t\t\t<div class=\"elementor-widget-container\">\n\t\t\t\t\t\t\t\t\t\t\t\t\t\t\t<img fetchpriority=\"high\" decoding=\"async\" width=\"1024\" height=\"603\" src=\"https:\/\/africavirtualnumbers.com\/wp-content\/uploads\/2021\/02\/Account-1024x603.jpg\" class=\"attachment-large size-large wp-image-994\" alt=\"\" srcset=\"https:\/\/africavirtualnumbers.com\/wp-content\/uploads\/2021\/02\/Account-1024x603.jpg 1024w, https:\/\/africavirtualnumbers.com\/wp-content\/uploads\/2021\/02\/Account-300x177.jpg 300w, https:\/\/africavirtualnumbers.com\/wp-content\/uploads\/2021\/02\/Account-768x452.jpg 768w, https:\/\/africavirtualnumbers.com\/wp-content\/uploads\/2021\/02\/Account-1536x905.jpg 1536w, https:\/\/africavirtualnumbers.com\/wp-content\/uploads\/2021\/02\/Account.jpg 1920w\" sizes=\"(max-width: 1024px) 100vw, 1024px\" \/>\t\t\t\t\t\t\t\t\t\t\t\t\t\t\t<\/div>\n\t\t\t\t<\/div>\n\t\t\t\t\t<\/div>\n\t\t<\/div>\n\t\t\t\t\t<\/div>\n\t\t<\/section>\n\t\t\t\t<section class=\"elementor-section elementor-top-section elementor-element elementor-element-b60e375 elementor-section-boxed elementor-section-height-default elementor-section-height-default\" data-id=\"b60e375\" data-element_type=\"section\" data-settings=\"{&quot;background_background&quot;:&quot;classic&quot;}\">\n\t\t\t\t\t\t<div class=\"elementor-container elementor-column-gap-default\">\n\t\t\t\t\t<div class=\"elementor-column elementor-col-50 elementor-top-column elementor-element elementor-element-3d73620 elementor-hidden-phone\" data-id=\"3d73620\" data-element_type=\"column\" data-settings=\"{&quot;background_background&quot;:&quot;classic&quot;}\">\n\t\t\t<div class=\"elementor-widget-wrap elementor-element-populated\">\n\t\t\t\t\t\t<section class=\"elementor-section elementor-inner-section elementor-element elementor-element-7c12cfe elementor-section-boxed elementor-section-height-default elementor-section-height-default\" data-id=\"7c12cfe\" data-element_type=\"section\" data-settings=\"{&quot;background_background&quot;:&quot;classic&quot;}\">\n\t\t\t\t\t\t<div class=\"elementor-container elementor-column-gap-default\">\n\t\t\t\t\t<div class=\"elementor-column elementor-col-100 elementor-inner-column elementor-element elementor-element-f3c8956\" data-id=\"f3c8956\" data-element_type=\"column\">\n\t\t\t<div class=\"elementor-widget-wrap elementor-element-populated\">\n\t\t\t\t\t\t<div class=\"elementor-element elementor-element-ace4de4 elementor-widget__width-initial elementor-widget elementor-widget-heading\" data-id=\"ace4de4\" data-element_type=\"widget\" data-widget_type=\"heading.default\">\n\t\t\t\t<div class=\"elementor-widget-container\">\n\t\t\t\t\t<h2 class=\"elementor-heading-title elementor-size-default\">Restez connect\u00e9s. Privil\u00e9giez le local. Optez pour le virtuel.<\/h2>\t\t\t\t<\/div>\n\t\t\t\t<\/div>\n\t\t\t\t<div class=\"elementor-element elementor-element-ae9583e elementor-widget elementor-widget-text-editor\" data-id=\"ae9583e\" data-element_type=\"widget\" data-widget_type=\"text-editor.default\">\n\t\t\t\t<div class=\"elementor-widget-container\">\n\t\t\t\t\t\t\t\t\t<p>Vous avez des questions ou besoin d&#039;aide\u00a0? Remplissez le formulaire \u00e0 droite et nous vous r\u00e9pondrons dans les plus brefs d\u00e9lais.<\/p>\t\t\t\t\t\t\t\t<\/div>\n\t\t\t\t<\/div>\n\t\t\t\t\t<\/div>\n\t\t<\/div>\n\t\t\t\t\t<\/div>\n\t\t<\/section>\n\t\t\t\t\t<\/div>\n\t\t<\/div>\n\t\t\t\t<div class=\"elementor-column elementor-col-50 elementor-top-column elementor-element elementor-element-2b58c1c\" data-id=\"2b58c1c\" data-element_type=\"column\">\n\t\t\t<div class=\"elementor-widget-wrap elementor-element-populated\">\n\t\t\t\t\t\t<div class=\"elementor-element elementor-element-ef1d81e elementor-widget elementor-widget-everest-forms\" data-id=\"ef1d81e\" data-element_type=\"widget\" data-widget_type=\"everest-forms.default\">\n\t\t\t\t<div class=\"elementor-widget-container\">\n\t\t\t\t\t\t\t\t<div class=\"everest-forms\"><div class=\"evf-container default\" id=\"evf-6\"><form id=\"evf-form-6\" class=\"everest-form\" data-formid=\"6\" data-ajax_submission=\"0\" data-keyboard_friendly_form=\"0\" data-form_state_type=\"\" method=\"post\" enctype=\"multipart\/form-data\" action=\"\/fr\/wp-json\/wp\/v2\/pages\/29\" data-trp-original-action=\"\/fr\/wp-json\/wp\/v2\/pages\/29\"><div class=\"evf-field-container\"><input type=\"hidden\" id=\"_wpnonce6\" name=\"_wpnonce6\" value=\"422461169a\" \/><input type=\"hidden\" name=\"_wp_http_referer\" value=\"\/fr\/wp-json\/wp\/v2\/pages\/29\" \/><div class=\"evf-frontend-row\" data-row=\"row_1\" conditional_rules=\"[]\"><div class=\"evf-frontend-grid evf-grid-1\" data-grid=\"grid_1\"><div id=\"evf-6-field_fullname-container\" class=\"evf-field evf-field-text form-row validate-required\" data-required-field-message=\"This field is required.\" data-field-id=\"fullname\"><label class=\"evf-field-label\" for=\"evf-6-field_fullname\"><span class=\"evf-label\">Nom<\/span> <abbr class=\"required\" title=\"N\u00e9cessaire\">*<\/abbr><\/label><input type=\"text\" id=\"evf-6-field_fullname\" class=\"input-text\" name=\"everest_forms[form_fields][fullname]\" required><\/div><div id=\"evf-6-field_email-container\" class=\"evf-field evf-field-email form-row validate-required validate-email\" data-required-field-message=\"Please enter a valid email address.\" data-field-id=\"email\"><label class=\"evf-field-label\" for=\"evf-6-field_email\"><span class=\"evf-label\">E-mail<\/span> <abbr class=\"required\" title=\"N\u00e9cessaire\">*<\/abbr><\/label><input type=\"email\" id=\"evf-6-field_email\" class=\"input-text\" name=\"everest_forms[form_fields][email]\" required><\/div><div id=\"evf-6-field_subject-container\" class=\"evf-field evf-field-text form-row validate-required\" data-required-field-message=\"This field is required.\" data-field-id=\"subject\"><label class=\"evf-field-label\" for=\"evf-6-field_subject\"><span class=\"evf-label\">Sujet<\/span> <abbr class=\"required\" title=\"N\u00e9cessaire\">*<\/abbr><\/label><input type=\"text\" id=\"evf-6-field_subject\" class=\"input-text\" name=\"everest_forms[form_fields][subject]\" required><\/div><div id=\"evf-6-field_message-container\" class=\"evf-field evf-field-textarea form-row\" data-field-id=\"message\"><label class=\"evf-field-label\" for=\"evf-6-field_message\"><span class=\"evf-label\">Message<\/span> <\/label><textarea id=\"evf-6-field_message\" class=\"input-text\" name=\"everest_forms[form_fields][message]\"  ><\/textarea><\/div><\/div><\/div><\/div><div class=\"evf-honeypot-container evf-field-hp\"><label for=\"evf-6-field-hp\" class=\"evf-field-label\">Commentaire<\/label><input type=\"text\" name=\"everest_forms[hp]\" id=\"evf-6-field-hp\" class=\"input-text\"><\/div><div class=\"evf-submit-container\" ><input type=\"hidden\" name=\"everest_forms[id]\" value=\"6\"><input type=\"hidden\" name=\"everest_forms[author]\" value=\"1\"><button type='submit' name='everest_forms[submit]' class='everest-forms-submit-button button evf-submit' id='evf-submit-6' value='evf-submit' data-process-text=\"En traitement\u2026\" conditional_rules='&quot;&quot;' conditional_id='evf-submit-6'  aria-live=\"assertive\">Soumettre<\/button><\/div><input type=\"hidden\" name=\"trp-form-language\" value=\"fr\"\/><\/form><\/div><!-- .evf-container --><\/div>\t\t\t\t\t\t<\/div>\n\t\t\t\t<\/div>\n\t\t\t\t\t<\/div>\n\t\t<\/div>\n\t\t\t\t\t<\/div>\n\t\t<\/section>\n\t\t\t\t<\/div>","protected":false},"excerpt":{"rendered":"<p>\u00c0 propos de nous\u00a0: Connecter l\u2019Afrique au monde gr\u00e2ce \u00e0 des num\u00e9ros virtuels fiables. Notre objectif est de rapprocher l\u2019Afrique du reste du monde gr\u00e2ce \u00e0 une communication virtuelle fluide. En proposant des num\u00e9ros virtuels fiables, respectueux de la vie priv\u00e9e et accessibles dans le monde entier, nous permettons aux entreprises, aux ind\u00e9pendants et aux particuliers de rester connect\u00e9s \u00e0 tout moment et en tout lieu. Rejoignez les milliers d\u2019utilisateurs \u00e0 travers le monde qui font confiance \u00e0 AfricaVirtualNumbers.com pour [\u2026]<\/p>","protected":false},"author":1,"featured_media":0,"parent":0,"menu_order":0,"comment_status":"closed","ping_status":"closed","template":"page-templates\/pagebuilder.php","meta":{"zakra_sidebar_layout":"stretched","zakra_remove_content_margin":false,"zakra_sidebar":"customizer","zakra_transparent_header":"customizer","zakra_logo":0,"zakra_main_header_style":"default","zakra_menu_item_color":"","zakra_menu_item_hover_color":"","zakra_menu_item_active_color":"","zakra_menu_active_style":"zakra_menu_active_style","zakra_page_header":true,"footnotes":""},"class_list":["post-29","page","type-page","status-publish","hentry"],"yoast_head":"<!-- This site is optimized with the Yoast SEO plugin v26.3 - https:\/\/yoast.com\/wordpress\/plugins\/seo\/ -->\n<title>About - AfricaVirtualNumbers.com<\/title>\n<meta name=\"robots\" content=\"index, follow, max-snippet:-1, max-image-preview:large, max-video-preview:-1\" \/>\n<link rel=\"canonical\" href=\"https:\/\/africavirtualnumbers.com\/fr\/about\/\" \/>\n<meta property=\"og:locale\" content=\"fr_FR\" \/>\n<meta property=\"og:type\" content=\"article\" \/>\n<meta property=\"og:title\" content=\"About - AfricaVirtualNumbers.com\" \/>\n<meta property=\"og:description\" content=\"About Us Connecting Africa to the World with Reliable Virtual Numbers We aim to bridge Africa and the rest of the world through seamless virtual communication. By offering reliable, privacy-focused, and globally accessible virtual numbers, we empower businesses, freelancers, and individuals to stay connected anytime, anywhere. Join thousands of users worldwide who trust AfricaVirtualNumbers.com for [&hellip;]\" \/>\n<meta property=\"og:url\" content=\"https:\/\/africavirtualnumbers.com\/fr\/about\/\" \/>\n<meta property=\"og:site_name\" content=\"AfricaVirtualNumbers.com\" \/>\n<meta property=\"article:modified_time\" content=\"2025-09-10T02:22:42+00:00\" \/>\n<meta property=\"og:image\" content=\"https:\/\/africavirtualnumbers.com\/wp-content\/uploads\/2021\/02\/Account.jpg\" \/>\n\t<meta property=\"og:image:width\" content=\"1920\" \/>\n\t<meta property=\"og:image:height\" content=\"1131\" \/>\n\t<meta property=\"og:image:type\" content=\"image\/jpeg\" \/>\n<meta name=\"twitter:card\" content=\"summary_large_image\" \/>\n<meta name=\"twitter:label1\" content=\"Dur\u00e9e de lecture estim\u00e9e\" \/>\n\t<meta name=\"twitter:data1\" content=\"1 minute\" \/>\n<script type=\"application\/ld+json\" class=\"yoast-schema-graph\">{\"@context\":\"https:\/\/schema.org\",\"@graph\":[{\"@type\":\"WebPage\",\"@id\":\"https:\/\/africavirtualnumbers.com\/about\/\",\"url\":\"https:\/\/africavirtualnumbers.com\/about\/\",\"name\":\"About - AfricaVirtualNumbers.com\",\"isPartOf\":{\"@id\":\"https:\/\/africavirtualnumbers.com\/#website\"},\"primaryImageOfPage\":{\"@id\":\"https:\/\/africavirtualnumbers.com\/about\/#primaryimage\"},\"image\":{\"@id\":\"https:\/\/africavirtualnumbers.com\/about\/#primaryimage\"},\"thumbnailUrl\":\"https:\/\/africavirtualnumbers.com\/wp-content\/uploads\/2021\/02\/Account-1024x603.jpg\",\"datePublished\":\"2021-02-10T06:35:53+00:00\",\"dateModified\":\"2025-09-10T02:22:42+00:00\",\"breadcrumb\":{\"@id\":\"https:\/\/africavirtualnumbers.com\/about\/#breadcrumb\"},\"inLanguage\":\"fr-FR\",\"potentialAction\":[{\"@type\":\"ReadAction\",\"target\":[\"https:\/\/africavirtualnumbers.com\/about\/\"]}]},{\"@type\":\"ImageObject\",\"inLanguage\":\"fr-FR\",\"@id\":\"https:\/\/africavirtualnumbers.com\/about\/#primaryimage\",\"url\":\"https:\/\/africavirtualnumbers.com\/wp-content\/uploads\/2021\/02\/Account-1024x603.jpg\",\"contentUrl\":\"https:\/\/africavirtualnumbers.com\/wp-content\/uploads\/2021\/02\/Account-1024x603.jpg\"},{\"@type\":\"BreadcrumbList\",\"@id\":\"https:\/\/africavirtualnumbers.com\/about\/#breadcrumb\",\"itemListElement\":[{\"@type\":\"ListItem\",\"position\":1,\"name\":\"Home\",\"item\":\"https:\/\/africavirtualnumbers.com\/\"},{\"@type\":\"ListItem\",\"position\":2,\"name\":\"About\"}]},{\"@type\":\"WebSite\",\"@id\":\"https:\/\/africavirtualnumbers.com\/#website\",\"url\":\"https:\/\/africavirtualnumbers.com\/\",\"name\":\"AfricaVirtualNumbers.com\",\"description\":\"\",\"publisher\":{\"@id\":\"https:\/\/africavirtualnumbers.com\/#organization\"},\"potentialAction\":[{\"@type\":\"SearchAction\",\"target\":{\"@type\":\"EntryPoint\",\"urlTemplate\":\"https:\/\/africavirtualnumbers.com\/?s={search_term_string}\"},\"query-input\":{\"@type\":\"PropertyValueSpecification\",\"valueRequired\":true,\"valueName\":\"search_term_string\"}}],\"inLanguage\":\"fr-FR\"},{\"@type\":\"Organization\",\"@id\":\"https:\/\/africavirtualnumbers.com\/#organization\",\"name\":\"AfricaVirtualNumbers.com\",\"url\":\"https:\/\/africavirtualnumbers.com\/\",\"logo\":{\"@type\":\"ImageObject\",\"inLanguage\":\"fr-FR\",\"@id\":\"https:\/\/africavirtualnumbers.com\/#\/schema\/logo\/image\/\",\"url\":\"https:\/\/africavirtualnumbers.com\/wp-content\/uploads\/2025\/08\/africavirtualnumbers-logo.png\",\"contentUrl\":\"https:\/\/africavirtualnumbers.com\/wp-content\/uploads\/2025\/08\/africavirtualnumbers-logo.png\",\"width\":483,\"height\":100,\"caption\":\"AfricaVirtualNumbers.com\"},\"image\":{\"@id\":\"https:\/\/africavirtualnumbers.com\/#\/schema\/logo\/image\/\"}}]}<\/script>\n<!-- \/ Yoast SEO plugin. -->","yoast_head_json":{"title":"\u00c0 propos - AfricaVirtualNumbers.com","robots":{"index":"index","follow":"follow","max-snippet":"max-snippet:-1","max-image-preview":"max-image-preview:large","max-video-preview":"max-video-preview:-1"},"canonical":"https:\/\/africavirtualnumbers.com\/fr\/about\/","og_locale":"fr_FR","og_type":"article","og_title":"About - AfricaVirtualNumbers.com","og_description":"About Us Connecting Africa to the World with Reliable Virtual Numbers We aim to bridge Africa and the rest of the world through seamless virtual communication. By offering reliable, privacy-focused, and globally accessible virtual numbers, we empower businesses, freelancers, and individuals to stay connected anytime, anywhere. Join thousands of users worldwide who trust AfricaVirtualNumbers.com for [&hellip;]","og_url":"https:\/\/africavirtualnumbers.com\/fr\/about\/","og_site_name":"AfricaVirtualNumbers.com","article_modified_time":"2025-09-10T02:22:42+00:00","og_image":[{"width":1920,"height":1131,"url":"https:\/\/africavirtualnumbers.com\/wp-content\/uploads\/2021\/02\/Account.jpg","type":"image\/jpeg"}],"twitter_card":"summary_large_image","twitter_misc":{"Dur\u00e9e de lecture estim\u00e9e":"1 minute"},"schema":{"@context":"https:\/\/schema.org","@graph":[{"@type":"WebPage","@id":"https:\/\/africavirtualnumbers.com\/about\/","url":"https:\/\/africavirtualnumbers.com\/about\/","name":"\u00c0 propos - AfricaVirtualNumbers.com","isPartOf":{"@id":"https:\/\/africavirtualnumbers.com\/#website"},"primaryImageOfPage":{"@id":"https:\/\/africavirtualnumbers.com\/about\/#primaryimage"},"image":{"@id":"https:\/\/africavirtualnumbers.com\/about\/#primaryimage"},"thumbnailUrl":"https:\/\/africavirtualnumbers.com\/wp-content\/uploads\/2021\/02\/Account-1024x603.jpg","datePublished":"2021-02-10T06:35:53+00:00","dateModified":"2025-09-10T02:22:42+00:00","breadcrumb":{"@id":"https:\/\/africavirtualnumbers.com\/about\/#breadcrumb"},"inLanguage":"fr-FR","potentialAction":[{"@type":"ReadAction","target":["https:\/\/africavirtualnumbers.com\/about\/"]}]},{"@type":"ImageObject","inLanguage":"fr-FR","@id":"https:\/\/africavirtualnumbers.com\/about\/#primaryimage","url":"https:\/\/africavirtualnumbers.com\/wp-content\/uploads\/2021\/02\/Account-1024x603.jpg","contentUrl":"https:\/\/africavirtualnumbers.com\/wp-content\/uploads\/2021\/02\/Account-1024x603.jpg"},{"@type":"BreadcrumbList","@id":"https:\/\/africavirtualnumbers.com\/about\/#breadcrumb","itemListElement":[{"@type":"ListItem","position":1,"name":"Home","item":"https:\/\/africavirtualnumbers.com\/"},{"@type":"ListItem","position":2,"name":"About"}]},{"@type":"WebSite","@id":"https:\/\/africavirtualnumbers.com\/#website","url":"https:\/\/africavirtualnumbers.com\/","name":"AfricaVirtualNumbers.com","description":"","publisher":{"@id":"https:\/\/africavirtualnumbers.com\/#organization"},"potentialAction":[{"@type":"SearchAction","target":{"@type":"EntryPoint","urlTemplate":"https:\/\/africavirtualnumbers.com\/?s={search_term_string}"},"query-input":{"@type":"PropertyValueSpecification","valueRequired":true,"valueName":"search_term_string"}}],"inLanguage":"fr-FR"},{"@type":"Organization","@id":"https:\/\/africavirtualnumbers.com\/#organization","name":"AfricaVirtualNumbers.com","url":"https:\/\/africavirtualnumbers.com\/","logo":{"@type":"ImageObject","inLanguage":"fr-FR","@id":"https:\/\/africavirtualnumbers.com\/#\/schema\/logo\/image\/","url":"https:\/\/africavirtualnumbers.com\/wp-content\/uploads\/2025\/08\/africavirtualnumbers-logo.png","contentUrl":"https:\/\/africavirtualnumbers.com\/wp-content\/uploads\/2025\/08\/africavirtualnumbers-logo.png","width":483,"height":100,"caption":"AfricaVirtualNumbers.com"},"image":{"@id":"https:\/\/africavirtualnumbers.com\/#\/schema\/logo\/image\/"}}]}},"_links":{"self":[{"href":"https:\/\/africavirtualnumbers.com\/fr\/wp-json\/wp\/v2\/pages\/29","targetHints":{"allow":["GET"]}}],"collection":[{"href":"https:\/\/africavirtualnumbers.com\/fr\/wp-json\/wp\/v2\/pages"}],"about":[{"href":"https:\/\/africavirtualnumbers.com\/fr\/wp-json\/wp\/v2\/types\/page"}],"author":[{"embeddable":true,"href":"https:\/\/africavirtualnumbers.com\/fr\/wp-json\/wp\/v2\/users\/1"}],"replies":[{"embeddable":true,"href":"https:\/\/africavirtualnumbers.com\/fr\/wp-json\/wp\/v2\/comments?post=29"}],"version-history":[{"count":4,"href":"https:\/\/africavirtualnumbers.com\/fr\/wp-json\/wp\/v2\/pages\/29\/revisions"}],"predecessor-version":[{"id":2250,"href":"https:\/\/africavirtualnumbers.com\/fr\/wp-json\/wp\/v2\/pages\/29\/revisions\/2250"}],"wp:attachment":[{"href":"https:\/\/africavirtualnumbers.com\/fr\/wp-json\/wp\/v2\/media?parent=29"}],"curies":[{"name":"wp","href":"https:\/\/api.w.org\/{rel}","templated":true}]}}